{"id":16,"date":"2025-09-01T14:34:24","date_gmt":"2025-09-01T19:34:24","guid":{"rendered":"http:\/\/127.0.0.1\/cc\/?page_id=16"},"modified":"2026-02-06T12:28:16","modified_gmt":"2026-02-06T17:28:16","slug":"inicio","status":"publish","type":"page","link":"https:\/\/ttg.ec\/cc\/","title":{"rendered":"Inicio"},"content":{"rendered":"\n<div class=\"wp-block-columns is-layout-flex wp-container-core-columns-is-layout-28f84493 wp-block-columns-is-layout-flex\">\n<div class=\"wp-block-column is-layout-flow wp-block-column-is-layout-flow\"><div class=\"wp-block-image\">\n<figure class=\"aligncenter size-full\"><img loading=\"lazy\" decoding=\"async\" width=\"1080\" height=\"1350\" src=\"https:\/\/ttg.ec\/cc\/wp-content\/uploads\/2026\/02\/playaamor_01-2-1.webp\" alt=\"\" class=\"wp-image-175\" srcset=\"https:\/\/ttg.ec\/cc\/wp-content\/uploads\/2026\/02\/playaamor_01-2-1.webp 1080w, https:\/\/ttg.ec\/cc\/wp-content\/uploads\/2026\/02\/playaamor_01-2-1-600x750.webp 600w, https:\/\/ttg.ec\/cc\/wp-content\/uploads\/2026\/02\/playaamor_01-2-1-240x300.webp 240w, https:\/\/ttg.ec\/cc\/wp-content\/uploads\/2026\/02\/playaamor_01-2-1-819x1024.webp 819w, https:\/\/ttg.ec\/cc\/wp-content\/uploads\/2026\/02\/playaamor_01-2-1-768x960.webp 768w\" sizes=\"auto, (max-width: 1080px) 100vw, 1080px\" \/><\/figure>\n<\/div><\/div>\n\n\n\n<div class=\"wp-block-column is-layout-flow wp-block-column-is-layout-flow\"><div class=\"wp-block-image\">\n<figure class=\"aligncenter size-full\"><img loading=\"lazy\" decoding=\"async\" width=\"1080\" height=\"1350\" src=\"https:\/\/ttg.ec\/cc\/wp-content\/uploads\/2026\/02\/playaamor_02.webp\" alt=\"\" class=\"wp-image-172\" srcset=\"https:\/\/ttg.ec\/cc\/wp-content\/uploads\/2026\/02\/playaamor_02.webp 1080w, https:\/\/ttg.ec\/cc\/wp-content\/uploads\/2026\/02\/playaamor_02-600x750.webp 600w, https:\/\/ttg.ec\/cc\/wp-content\/uploads\/2026\/02\/playaamor_02-240x300.webp 240w, https:\/\/ttg.ec\/cc\/wp-content\/uploads\/2026\/02\/playaamor_02-819x1024.webp 819w, https:\/\/ttg.ec\/cc\/wp-content\/uploads\/2026\/02\/playaamor_02-768x960.webp 768w\" sizes=\"auto, (max-width: 1080px) 100vw, 1080px\" \/><\/figure>\n<\/div><\/div>\n<\/div>\n\n\n\n<div style=\"height:100px\" aria-hidden=\"true\" class=\"wp-block-spacer\"><\/div>\n\n\n\n<div class=\"wp-block-cover alignfull is-light hestia-clear-top-padding\"><span aria-hidden=\"true\" class=\"wp-block-cover__background has-white-background-color has-background-dim-100 has-background-dim\"><\/span><div class=\"wp-block-cover__inner-container is-layout-flow wp-block-cover-is-layout-flow\">\n<h2 class=\"wp-block-heading has-text-align-center has-text-color\" style=\"color:#3c4858\">Para tu comodidad, contamos con los siguientes servicios:<\/h2>\n\n\n\n<div style=\"height:40px\" aria-hidden=\"true\" class=\"wp-block-spacer\"><\/div>\n\n\n\n<div class=\"wp-block-columns container is-layout-flex wp-container-core-columns-is-layout-28f84493 wp-block-columns-is-layout-flex\">\n<div class=\"wp-block-column is-layout-flow wp-block-column-is-layout-flow\"><div class=\"wp-block-image\">\n<figure class=\"aligncenter size-full\"><img loading=\"lazy\" decoding=\"async\" width=\"100\" height=\"100\" src=\"https:\/\/ttg.ec\/cc\/wp-content\/uploads\/2025\/09\/icono-parqueo.png\" alt=\"\" class=\"wp-image-63\"\/><\/figure>\n<\/div>\n\n\n<h5 class=\"wp-block-heading has-text-align-center has-text-color\" style=\"color:#3c4858;font-size:18px\">Parqueo Vehicular<\/h5>\n\n\n\n<p class=\"has-text-align-center has-text-color\" style=\"color:#999999;font-size:14px\">Contamos con parqueo vehicular para particulares. <\/p>\n\n\n\n<div style=\"height:25px\" aria-hidden=\"true\" class=\"wp-block-spacer\"><\/div>\n<\/div>\n\n\n\n<div class=\"wp-block-column is-layout-flow wp-block-column-is-layout-flow\"><div class=\"wp-block-image\">\n<figure class=\"aligncenter size-full\"><img loading=\"lazy\" decoding=\"async\" width=\"100\" height=\"100\" src=\"https:\/\/ttg.ec\/cc\/wp-content\/uploads\/2025\/09\/icono-patio-comidas.png\" alt=\"\" class=\"wp-image-58\"\/><\/figure>\n<\/div>\n\n\n<h5 class=\"wp-block-heading has-text-align-center has-text-color\" style=\"color:#3c4858;font-size:18px\">Patio de Comidas<\/h5>\n\n\n\n<p class=\"has-text-align-center has-text-color\" style=\"color:#999999;font-size:14px\">Nuestro patio de comidas cuenta con amplia oferta gastron\u00f3mica. <\/p>\n\n\n\n<div style=\"height:25px\" aria-hidden=\"true\" class=\"wp-block-spacer\"><\/div>\n<\/div>\n\n\n\n<div class=\"wp-block-column is-layout-flow wp-block-column-is-layout-flow\"><div class=\"wp-block-image\">\n<figure class=\"aligncenter size-full\"><img loading=\"lazy\" decoding=\"async\" width=\"100\" height=\"100\" src=\"https:\/\/ttg.ec\/cc\/wp-content\/uploads\/2025\/09\/icono-seguridad.png\" alt=\"\" class=\"wp-image-61\"\/><\/figure>\n<\/div>\n\n\n<h5 class=\"wp-block-heading has-text-align-center has-text-color\" style=\"color:#3c4858;font-size:18px\">Seguridad 24\/7\/365<\/h5>\n\n\n\n<p class=\"has-text-align-center has-text-color\" style=\"color:#999999;font-size:14px\">Guardian\u00eda privada y presencia policial las 24 horas, los 7 d\u00edas de la semana, los 365 d\u00edas de la semana. <\/p>\n\n\n\n<div style=\"height:25px\" aria-hidden=\"true\" class=\"wp-block-spacer\"><\/div>\n<\/div>\n<\/div>\n\n\n\n<div class=\"wp-block-columns container is-layout-flex wp-container-core-columns-is-layout-28f84493 wp-block-columns-is-layout-flex\">\n<div class=\"wp-block-column is-layout-flow wp-block-column-is-layout-flow\"><div class=\"wp-block-image\">\n<figure class=\"aligncenter size-full\"><img loading=\"lazy\" decoding=\"async\" width=\"100\" height=\"100\" src=\"https:\/\/ttg.ec\/cc\/wp-content\/uploads\/2025\/09\/icono-info.png\" alt=\"\" class=\"wp-image-113\"\/><\/figure>\n<\/div>\n\n\n<h5 class=\"wp-block-heading has-text-align-center has-text-color\" style=\"color:#3c4858;font-size:18px\">Punto de Informaci\u00f3n<\/h5>\n\n\n\n<p class=\"has-text-align-center has-text-color\" style=\"color:#999999;font-size:14px\">Contamos con dos islas de punto de informaci\u00f3n, donde podr\u00e1s realizar tus preguntas y resolver tus inquietudes.<\/p>\n\n\n\n<div style=\"height:25px\" aria-hidden=\"true\" class=\"wp-block-spacer\"><\/div>\n<\/div>\n\n\n\n<div class=\"wp-block-column is-layout-flow wp-block-column-is-layout-flow\"><div class=\"wp-block-image\">\n<figure class=\"aligncenter size-full\"><img loading=\"lazy\" decoding=\"async\" width=\"100\" height=\"100\" src=\"https:\/\/ttg.ec\/cc\/wp-content\/uploads\/2025\/09\/icono-wifi.png\" alt=\"\" class=\"wp-image-112\"\/><\/figure>\n<\/div>\n\n\n<h5 class=\"wp-block-heading has-text-align-center has-text-color\" style=\"color:#3c4858;font-size:18px\">WIFI<\/h5>\n\n\n\n<p class=\"has-text-align-center has-text-color\" style=\"color:#999999;font-size:14px\">Contamos con internet inal\u00e1mbrico gratuito en todo el centro comercial. <\/p>\n\n\n\n<div style=\"height:25px\" aria-hidden=\"true\" class=\"wp-block-spacer\"><\/div>\n<\/div>\n\n\n\n<div class=\"wp-block-column is-layout-flow wp-block-column-is-layout-flow\"><div class=\"wp-block-image\">\n<figure class=\"aligncenter size-full\"><img loading=\"lazy\" decoding=\"async\" width=\"100\" height=\"100\" src=\"https:\/\/ttg.ec\/cc\/wp-content\/uploads\/2025\/09\/icono-cajero.png\" alt=\"\" class=\"wp-image-114\"\/><\/figure>\n<\/div>\n\n\n<p class=\"has-text-align-center has-text-color\" style=\"color:#999999;font-size:14px\">Cajeros autom\u00e1ticos de los Bancos: Guayaquil, Pichincha, Pac\u00edfico, Austro, Internacional, Machala, Bolivariano. <\/p>\n\n\n\n<div style=\"height:25px\" aria-hidden=\"true\" class=\"wp-block-spacer\"><\/div>\n<\/div>\n<\/div>\n<\/div><\/div>\n\n\n\n<div class=\"wp-block-columns container is-layout-flex wp-container-core-columns-is-layout-28f84493 wp-block-columns-is-layout-flex\">\n<div class=\"wp-block-column col-md-5 is-layout-flow wp-block-column-is-layout-flow\">\n<div style=\"height:55px\" aria-hidden=\"true\" class=\"wp-block-spacer\"><\/div>\n\n\n\n<h2 class=\"wp-block-heading\">\u00bfInteresado en un local?<\/h2>\n\n\n\n<p>Velamos por procesos transparentes en cuanto al otorgamiento de locales comerciales. Para conocer mas, visita el siguiente enlace. <\/p>\n<\/div>\n\n\n\n<div class=\"wp-block-column col-md-6 col-md-offset1 is-layout-flow wp-block-column-is-layout-flow\">\n<div style=\"height:55px\" aria-hidden=\"true\" class=\"wp-block-spacer\"><\/div>\n\n\n\n<figure class=\"wp-block-image size-full\"><img loading=\"lazy\" decoding=\"async\" width=\"1000\" height=\"560\" src=\"https:\/\/ttg.ec\/cc\/wp-content\/uploads\/2025\/09\/banner.jpg\" alt=\"\" class=\"wp-image-65\" srcset=\"https:\/\/ttg.ec\/cc\/wp-content\/uploads\/2025\/09\/banner.jpg 1000w, https:\/\/ttg.ec\/cc\/wp-content\/uploads\/2025\/09\/banner-600x336.jpg 600w, https:\/\/ttg.ec\/cc\/wp-content\/uploads\/2025\/09\/banner-300x168.jpg 300w, https:\/\/ttg.ec\/cc\/wp-content\/uploads\/2025\/09\/banner-768x430.jpg 768w\" sizes=\"auto, (max-width: 1000px) 100vw, 1000px\" \/><\/figure>\n\n\n\n<p><\/p>\n<\/div>\n<\/div>\n","protected":false},"excerpt":{"rendered":"<p>\u00bfInteresado en un local? Velamos por procesos transparentes en cuanto al otorgamiento de locales comerciales. Para conocer mas, visita el siguiente enlace.<\/p>\n","protected":false},"author":1,"featured_media":0,"parent":0,"menu_order":0,"comment_status":"closed","ping_status":"closed","template":"","meta":{"footnotes":""},"class_list":["post-16","page","type-page","status-publish","hentry"],"_links":{"self":[{"href":"https:\/\/ttg.ec\/cc\/wp-json\/wp\/v2\/pages\/16","targetHints":{"allow":["GET"]}}],"collection":[{"href":"https:\/\/ttg.ec\/cc\/wp-json\/wp\/v2\/pages"}],"about":[{"href":"https:\/\/ttg.ec\/cc\/wp-json\/wp\/v2\/types\/page"}],"author":[{"embeddable":true,"href":"https:\/\/ttg.ec\/cc\/wp-json\/wp\/v2\/users\/1"}],"replies":[{"embeddable":true,"href":"https:\/\/ttg.ec\/cc\/wp-json\/wp\/v2\/comments?post=16"}],"version-history":[{"count":22,"href":"https:\/\/ttg.ec\/cc\/wp-json\/wp\/v2\/pages\/16\/revisions"}],"predecessor-version":[{"id":194,"href":"https:\/\/ttg.ec\/cc\/wp-json\/wp\/v2\/pages\/16\/revisions\/194"}],"wp:attachment":[{"href":"https:\/\/ttg.ec\/cc\/wp-json\/wp\/v2\/media?parent=16"}],"curies":[{"name":"wp","href":"https:\/\/api.w.org\/{rel}","templated":true}]}}